{"id":17,"date":"2020-12-29T17:58:14","date_gmt":"2020-12-29T17:58:14","guid":{"rendered":"https:\/\/klauslassnig.at\/?page_id=17"},"modified":"2021-01-11T17:19:42","modified_gmt":"2021-01-11T17:19:42","slug":"info","status":"publish","type":"page","link":"https:\/\/klauslassnig.at\/","title":{"rendered":"Home"},"content":{"rendered":"\n<h2 class=\"has-text-align-center\"><strong>Dienstleistungen<\/strong><\/h2>\n\n\n\n<h4 class=\"has-text-align-center\"><strong>f\u00fcr Verb\u00e4nde und Genossenschaften in der Wasserver- und der Abwasserentsorgung<\/strong><br><strong>sowie f\u00fcr andere Unternehmen<\/strong><\/h4>\n\n\n\n<div style=\"height:13px\" aria-hidden=\"true\" class=\"wp-block-spacer\"><\/div>\n\n\n\n<ul><li><strong>Abnahme von \u00f6ffentlichen und privaten Hausanschlussleitungen<\/strong><\/li><li><strong>Aufnahme von Bewertungseinheiten<\/strong><\/li><li><strong>Darstellung und Optimierung von Prozessen sowie Erstellung von Prozesslandkarten in MS-VISIO<\/strong><br>f\u00fcr Verwaltungs- und Betriebsbereiche<\/li><li><strong>Dienst- und Betriebsanweisungen<\/strong><\/li><li><strong>Folgekostenberechnung <\/strong>(Betrachtungszeitraum bis 50 Jahre)<br>(Export aus der Finanzbuchhaltung mit dem Jahresabschluss)<\/li><li><strong>Geb\u00fchrenkalkulation<\/strong><br>(Export aus der Finanzbuchhaltung mit dem Jahresabschluss)<\/li><li><strong>Kostenrechnung<\/strong><\/li><li><strong>Kosten- und Leistungsrechnung<\/strong><br>(Export aus der Finanzbuchhaltung mit dem Jahresabschluss)<\/li><li><strong>Personalauswahlverfahren<\/strong><\/li><li><strong>Pr\u00fcfung von Honorar- und Leistungsabrechnungen<\/strong><\/li><li><strong>Reinvestitionspl\u00e4ne<\/strong> f\u00fcr<br>Abwasserreinigungsanlagen (ARA)<br>Abwasserableitungsanlagen (AAA)<br>Trinkwasserversorgungsanlagen (TWVA)<\/li><\/ul>\n\n\n\n<div style=\"height:25px\" aria-hidden=\"true\" class=\"wp-block-spacer\"><\/div>\n\n\n\n<div class=\"wp-block-image\"><figure class=\"aligncenter size-large is-resized\"><img loading=\"lazy\" src=\"https:\/\/klauslassnig.at\/wp-content\/uploads\/2021\/01\/Logo-m-Leistungsb_2021_hohe_Auflosung-1024x740.png\" alt=\"\" class=\"wp-image-121\" width=\"310\" height=\"224\" srcset=\"https:\/\/klauslassnig.at\/wp-content\/uploads\/2021\/01\/Logo-m-Leistungsb_2021_hohe_Auflosung-1024x740.png 1024w, https:\/\/klauslassnig.at\/wp-content\/uploads\/2021\/01\/Logo-m-Leistungsb_2021_hohe_Auflosung-300x217.png 300w, https:\/\/klauslassnig.at\/wp-content\/uploads\/2021\/01\/Logo-m-Leistungsb_2021_hohe_Auflosung-768x555.png 768w, https:\/\/klauslassnig.at\/wp-content\/uploads\/2021\/01\/Logo-m-Leistungsb_2021_hohe_Auflosung-1536x1110.png 1536w, https:\/\/klauslassnig.at\/wp-content\/uploads\/2021\/01\/Logo-m-Leistungsb_2021_hohe_Auflosung-2048x1481.png 2048w\" sizes=\"(max-width: 310px) 100vw, 310px\" \/><\/figure><\/div>\n\n\n\n<p><\/p>\n","protected":false},"excerpt":{"rendered":"<p>Dienstleistungen f\u00fcr Verb\u00e4nde und Genossenschaften in der Wasserver- und der Abwasserentsorgungsowie f\u00fcr andere Unternehmen Abnahme von \u00f6ffentlichen und privaten Hausanschlussleitungen Aufnahme von Bewertungseinheiten Darstellung und Optimierung von Prozessen sowie Erstellung von Prozesslandkarten in MS-VISIOf\u00fcr Verwaltungs- und Betriebsbereiche Dienst- und Betriebsanweisungen Folgekostenberechnung (Betrachtungszeitraum bis 50 Jahre)(Export aus der Finanzbuchhaltung mit dem Jahresabschluss) Geb\u00fchrenkalkulation(Export aus der Finanzbuchhaltung [&hellip;]<\/p>\n","protected":false},"author":1,"featured_media":0,"parent":0,"menu_order":1,"comment_status":"closed","ping_status":"closed","template":"","meta":[],"_links":{"self":[{"href":"https:\/\/klauslassnig.at\/index.php?rest_route=\/wp\/v2\/pages\/17"}],"collection":[{"href":"https:\/\/klauslassnig.at\/index.php?rest_route=\/wp\/v2\/pages"}],"about":[{"href":"https:\/\/klauslassnig.at\/index.php?rest_route=\/wp\/v2\/types\/page"}],"author":[{"embeddable":true,"href":"https:\/\/klauslassnig.at\/index.php?rest_route=\/wp\/v2\/users\/1"}],"replies":[{"embeddable":true,"href":"https:\/\/klauslassnig.at\/index.php?rest_route=%2Fwp%2Fv2%2Fcomments&post=17"}],"version-history":[{"count":20,"href":"https:\/\/klauslassnig.at\/index.php?rest_route=\/wp\/v2\/pages\/17\/revisions"}],"predecessor-version":[{"id":122,"href":"https:\/\/klauslassnig.at\/index.php?rest_route=\/wp\/v2\/pages\/17\/revisions\/122"}],"wp:attachment":[{"href":"https:\/\/klauslassnig.at\/index.php?rest_route=%2Fwp%2Fv2%2Fmedia&parent=17"}],"curies":[{"name":"wp","href":"https:\/\/api.w.org\/{rel}","templated":true}]}}