{"id":21,"date":"2020-12-29T17:59:51","date_gmt":"2020-12-29T17:59:51","guid":{"rendered":"https:\/\/klauslassnig.at\/?page_id=21"},"modified":"2021-01-09T10:04:14","modified_gmt":"2021-01-09T10:04:14","slug":"referenzen","status":"publish","type":"page","link":"https:\/\/klauslassnig.at\/?page_id=21","title":{"rendered":"\u00dcber"},"content":{"rendered":"\n<div class=\"wp-block-media-text alignwide is-stacked-on-mobile is-vertically-aligned-top\" style=\"grid-template-columns:24% auto\"><figure class=\"wp-block-media-text__media\"><img loading=\"lazy\" width=\"313\" height=\"434\" src=\"https:\/\/klauslassnig.at\/wp-content\/uploads\/2021\/01\/Portrat.jpg\" alt=\"\" class=\"wp-image-85 size-full\" srcset=\"https:\/\/klauslassnig.at\/wp-content\/uploads\/2021\/01\/Portrat.jpg 313w, https:\/\/klauslassnig.at\/wp-content\/uploads\/2021\/01\/Portrat-216x300.jpg 216w\" sizes=\"(max-width: 313px) 100vw, 313px\" \/><\/figure><div class=\"wp-block-media-text__content\">\n<p>Ing.<strong> Klaus Lassnig, <\/strong>MAS, MSc<\/p>\n\n\n\n<p>Geburtsjahr 1954<\/p>\n\n\n\n<p><strong>Ausbildung:<\/strong><\/p>\n\n\n\n<ul><li>Abendhandelsakademie f\u00fcr Berufst\u00e4tige in Klagenfurt, Abschluss 1979<\/li><li>H\u00f6here Technische Bundeslehranstalt in Klagenfurt, Maschinenbau, Abschluss 1987<\/li><li>Studium Baumanagement und Unternehmensf\u00fchrung, FH Spittal an der Drau, PEF Privat Universit\u00e4t Wien, Sponsion 2003<\/li><\/ul>\n\n\n\n<p><strong>Befugnisse:<\/strong><\/p>\n\n\n\n<ul><li>Unternehmensberatung einschlie\u00dflich der Unternehmensorganisation, Bescheid BH Villach 2003<\/li><li>Ingenieurb\u00fcro (Beratende Ingenieure) auf dem Fachgebiet Kulturtechnik und Wasserwirtschaft, Bescheid BH Villach 2015<\/li><\/ul>\n\n\n\n<p><strong>Berufspraxis:<\/strong><\/p>\n\n\n\n<ul><li>Fa. Schmidt Armaturen GmbH, 9500 Villach &#8211; (jetzt Flow Serve) &#8211; Abteilungsleiter Vertrieb, Prokurist, Einkaufsleiter 1981-1989,                                                    Gesch\u00e4ftsf\u00fchrer 1989-1993,<\/li><li>Abwasserverband W\u00f6rther See West, 9232 Rosegg\/Fr\u00f6g,                          Gesch\u00e4ftsf\u00fchrer 1993-2017<br><a rel=\"noreferrer noopener\" href=\"https:\/\/www.awvww.at\/danke-klaus\" target=\"_blank\">Danksagung des AWVWW<\/a><\/li><\/ul>\n<\/div><\/div>\n","protected":false},"excerpt":{"rendered":"<p>Ing. Klaus Lassnig, MAS, MSc Geburtsjahr 1954 Ausbildung: Abendhandelsakademie f\u00fcr Berufst\u00e4tige in Klagenfurt, Abschluss 1979 H\u00f6here Technische Bundeslehranstalt in Klagenfurt, Maschinenbau, Abschluss 1987 Studium Baumanagement und Unternehmensf\u00fchrung, FH Spittal an der Drau, PEF Privat Universit\u00e4t Wien, Sponsion 2003 Befugnisse: Unternehmensberatung einschlie\u00dflich der Unternehmensorganisation, Bescheid BH Villach 2003 Ingenieurb\u00fcro (Beratende Ingenieure) auf dem Fachgebiet Kulturtechnik und [&hellip;]<\/p>\n","protected":false},"author":1,"featured_media":0,"parent":0,"menu_order":3,"comment_status":"closed","ping_status":"closed","template":"","meta":[],"_links":{"self":[{"href":"https:\/\/klauslassnig.at\/index.php?rest_route=\/wp\/v2\/pages\/21"}],"collection":[{"href":"https:\/\/klauslassnig.at\/index.php?rest_route=\/wp\/v2\/pages"}],"about":[{"href":"https:\/\/klauslassnig.at\/index.php?rest_route=\/wp\/v2\/types\/page"}],"author":[{"embeddable":true,"href":"https:\/\/klauslassnig.at\/index.php?rest_route=\/wp\/v2\/users\/1"}],"replies":[{"embeddable":true,"href":"https:\/\/klauslassnig.at\/index.php?rest_route=%2Fwp%2Fv2%2Fcomments&post=21"}],"version-history":[{"count":11,"href":"https:\/\/klauslassnig.at\/index.php?rest_route=\/wp\/v2\/pages\/21\/revisions"}],"predecessor-version":[{"id":114,"href":"https:\/\/klauslassnig.at\/index.php?rest_route=\/wp\/v2\/pages\/21\/revisions\/114"}],"wp:attachment":[{"href":"https:\/\/klauslassnig.at\/index.php?rest_route=%2Fwp%2Fv2%2Fmedia&parent=21"}],"curies":[{"name":"wp","href":"https:\/\/api.w.org\/{rel}","templated":true}]}}